{"id":15,"date":"2024-12-11T18:00:56","date_gmt":"2024-12-11T18:00:56","guid":{"rendered":"https:\/\/www.apk-pflegedienst.de\/?page_id=15"},"modified":"2024-12-11T18:00:56","modified_gmt":"2024-12-11T18:00:56","slug":"behandlungspflege","status":"publish","type":"page","link":"https:\/\/alpha-landshut.de\/?page_id=15","title":{"rendered":"Behandlungspflege"},"content":{"rendered":"\n<p>Die Behandlungspflege beinhaltet medizinisch notwendige Ma\u00dfnahmen, die von qualifizierten Pflegekr\u00e4ften durchgef\u00fchrt werden.<br>Festgehalten im SGB V (Sozialgesetzbuch F\u00fcnftes Buch), \u00fcbernimmt die Krankenkasse die entstehenden Kosten bei dieser Form der Krankenpflege.<\/p>\n\n\n\n<ul class=\"wp-block-list\">\n<li>Medikamentengabe: Verabreichung von Medikamenten in der richtigen Dosierung und zum richtigen Zeitpunkt.<\/li>\n\n\n\n<li>Wundversorgung: Reinigung, Desinfektion und Verbandwechsel bei Wunden.<\/li>\n\n\n\n<li>Blutzuckermessung: Regelm\u00e4\u00dfige Kontrolle des Blutzuckerspiegels, insbesondere bei Diabetikern.<\/li>\n\n\n\n<li>Insulinverabreichung: Injektion von Insulin bei Diabetikern.<\/li>\n\n\n\n<li>Kompressionsverb\u00e4nde: Anlegen von Kompressionsstr\u00fcmpfen oder -verb\u00e4nden.<\/li>\n\n\n\n<li>Infusionen und Injektionen: Verabreichung von Fl\u00fcssigkeiten oder Medikamenten direkt in die Blutbahn oder unter die Haut.<\/li>\n<\/ul>\n\n\n\n<h2 class=\"wp-block-heading\">Grundpflege<\/h2>\n\n\n\n<p>Die Grundpflege gem\u00e4\u00df SGB XI deckt Bereiche ab, die nicht medizinischer Natur sind. Ein Pflegegrad ist erforderlich, damit die Pflegekasse die Kosten f\u00fcr ambulante Pflegedienste \u00fcbernimmt.<br>In der Pflege gibt es vier<br>Hauptkategorien: Grundpflege, Behandlungspflege, Hauswirtschaft und Betreuung.<br>Die Grundpflege, Hauswirtschaft und Betreuung werden je nach Pflegegrad von der Pflegekasse \u00fcbernommen, einschlie\u00dflich des Betreuungsbetrags und der Verhinderungspflege.<br>Die Kosten f\u00fcr die Behandlungspflege wie Medikamentengabe oder Wundversorgung werden von der Krankenkasse getragen.<\/p>\n\n\n\n<ul class=\"wp-block-list\">\n<li>Hilfe beim Waschen\/Baden \/Duschen<\/li>\n\n\n\n<li>Hilfe beim An- und Auskleiden<\/li>\n\n\n\n<li>Hilfe bei der Zubereitung und Aufnahme von Mahlzeiten<\/li>\n\n\n\n<li>Haut-, Haar- und Nagelpflege<\/li>\n<\/ul>\n\n\n\n<h2 class=\"wp-block-heading\">Hauswirtschaft &amp; Betreuung<\/h2>\n\n\n\n<p>In Ihrer h\u00e4uslichen Umgebung \u00fcbernehmen wir die hauswirtschaftliche Versorgung<\/p>\n\n\n\n<ul class=\"wp-block-list\">\n<li>Reinigen der Wohnung sowie Waschen und B\u00fcgeln<\/li>\n\n\n\n<li>Einkauf der Lebensmittel<\/li>\n\n\n\n<li>Zubereitung von Malzeiten<\/li>\n\n\n\n<li>Begleitung au\u00dfer Haus (Arztbesuche, Sozialbeh\u00f6rden.)<\/li>\n<\/ul>\n\n\n\n<h2 class=\"wp-block-heading\">Betreuungsleistungen<\/h2>\n\n\n\n<ul class=\"wp-block-list\">\n<li>Aktivierung und Gestaltung des Alltags<\/li>\n\n\n\n<li>Spazierg\u00e4nge<\/li>\n\n\n\n<li>Pflegerische Betreuung<\/li>\n\n\n\n<li>Hilfe beim Verfassen und Ausf\u00fcllen von Antr\u00e4gen und Formularen<\/li>\n<\/ul>\n\n\n\n<h2 class=\"wp-block-heading\">Verhinderungspflege<\/h2>\n\n\n\n<p>ist eine tempor\u00e4re Unterst\u00fctzung f\u00fcr die Hauptpflegeperson. Sie wird auch als Ersatzpflege oder Pflege-, Urlaubs- oder Krankheitsvertretung bezeichnet.<br>Der j\u00e4hrliche Anspruch auf Verhinderungspflege betr\u00e4gt 1.685 Euro und kann gegebenenfalls mit Kurzzeitpflege kombiniert werden. Gerne beraten wir Sie dazu ausf\u00fchrlich.<\/p>\n\n\n\n<p><\/p>\n","protected":false},"excerpt":{"rendered":"<p>Die Behandlungspflege beinhaltet medizinisch notwendige Ma\u00dfnahmen, die von qualifizierten Pflegekr\u00e4ften durchgef\u00fchrt werden.Festgehalten im SGB V (Sozialgesetzbuch F\u00fcnftes Buch), \u00fcbernimmt die Krankenkasse die entstehenden Kosten bei dieser Form der Krankenpflege. Grundpflege Die Grundpflege gem\u00e4\u00df SGB XI deckt Bereiche ab, die nicht medizinischer Natur sind. Ein Pflegegrad ist erforderlich, damit die Pflegekasse die Kosten f\u00fcr ambulante Pflegedienste [&hellip;]<\/p>\n","protected":false},"author":1,"featured_media":0,"parent":0,"menu_order":0,"comment_status":"closed","ping_status":"closed","template":"","meta":{"footnotes":""},"class_list":["post-15","page","type-page","status-publish","hentry"],"yoast_head":"<!-- This site is optimized with the Yoast SEO plugin v27.5 - https:\/\/yoast.com\/product\/yoast-seo-wordpress\/ -->\n<title>Behandlungspflege - APK - Alpha Plus Landshut Pflegedienst<\/title>\n<meta name=\"robots\" content=\"index, follow, max-snippet:-1, max-image-preview:large, max-video-preview:-1\" \/>\n<link rel=\"canonical\" href=\"https:\/\/alpha-landshut.de\/?page_id=15\" \/>\n<meta property=\"og:locale\" content=\"de_DE\" \/>\n<meta property=\"og:type\" content=\"article\" \/>\n<meta property=\"og:title\" content=\"Behandlungspflege - APK - Alpha Plus Landshut Pflegedienst\" \/>\n<meta property=\"og:description\" content=\"Die Behandlungspflege beinhaltet medizinisch notwendige Ma\u00dfnahmen, die von qualifizierten Pflegekr\u00e4ften durchgef\u00fchrt werden.Festgehalten im SGB V (Sozialgesetzbuch F\u00fcnftes Buch), \u00fcbernimmt die Krankenkasse die entstehenden Kosten bei dieser Form der Krankenpflege. Grundpflege Die Grundpflege gem\u00e4\u00df SGB XI deckt Bereiche ab, die nicht medizinischer Natur sind. Ein Pflegegrad ist erforderlich, damit die Pflegekasse die Kosten f\u00fcr ambulante Pflegedienste [&hellip;]\" \/>\n<meta property=\"og:url\" content=\"https:\/\/alpha-landshut.de\/?page_id=15\" \/>\n<meta property=\"og:site_name\" content=\"APK - Alpha Plus Landshut Pflegedienst\" \/>\n<meta name=\"twitter:card\" content=\"summary_large_image\" \/>\n<meta name=\"twitter:label1\" content=\"Gesch\u00e4tzte Lesezeit\" \/>\n\t<meta name=\"twitter:data1\" content=\"1\u00a0Minute\" \/>\n<script type=\"application\/ld+json\" class=\"yoast-schema-graph\">{\"@context\":\"https:\\\/\\\/schema.org\",\"@graph\":[{\"@type\":\"WebPage\",\"@id\":\"https:\\\/\\\/alpha-landshut.de\\\/?page_id=15\",\"url\":\"https:\\\/\\\/alpha-landshut.de\\\/?page_id=15\",\"name\":\"Behandlungspflege - APK - Alpha Plus Landshut Pflegedienst\",\"isPartOf\":{\"@id\":\"https:\\\/\\\/alpha-landshut.de\\\/#website\"},\"datePublished\":\"2024-12-11T18:00:56+00:00\",\"breadcrumb\":{\"@id\":\"https:\\\/\\\/alpha-landshut.de\\\/?page_id=15#breadcrumb\"},\"inLanguage\":\"de\",\"potentialAction\":[{\"@type\":\"ReadAction\",\"target\":[\"https:\\\/\\\/alpha-landshut.de\\\/?page_id=15\"]}]},{\"@type\":\"BreadcrumbList\",\"@id\":\"https:\\\/\\\/alpha-landshut.de\\\/?page_id=15#breadcrumb\",\"itemListElement\":[{\"@type\":\"ListItem\",\"position\":1,\"name\":\"Start\",\"item\":\"https:\\\/\\\/alpha-landshut.de\\\/\"},{\"@type\":\"ListItem\",\"position\":2,\"name\":\"Behandlungspflege\"}]},{\"@type\":\"WebSite\",\"@id\":\"https:\\\/\\\/alpha-landshut.de\\\/#website\",\"url\":\"https:\\\/\\\/alpha-landshut.de\\\/\",\"name\":\"APK - Alpha Plus Landshut Pflegedienst\",\"description\":\"Seit 2014 arbeitet ALPHA PLUS erfolgreich mit allen Krankenkassen Deutschlands und den sozialen \u00c4mtern zusammen.  Details\",\"potentialAction\":[{\"@type\":\"SearchAction\",\"target\":{\"@type\":\"EntryPoint\",\"urlTemplate\":\"https:\\\/\\\/alpha-landshut.de\\\/?s={search_term_string}\"},\"query-input\":{\"@type\":\"PropertyValueSpecification\",\"valueRequired\":true,\"valueName\":\"search_term_string\"}}],\"inLanguage\":\"de\"}]}<\/script>\n<!-- \/ Yoast SEO plugin. -->","yoast_head_json":{"title":"Behandlungspflege - APK - Alpha Plus Landshut Pflegedienst","robots":{"index":"index","follow":"follow","max-snippet":"max-snippet:-1","max-image-preview":"max-image-preview:large","max-video-preview":"max-video-preview:-1"},"canonical":"https:\/\/alpha-landshut.de\/?page_id=15","og_locale":"de_DE","og_type":"article","og_title":"Behandlungspflege - APK - Alpha Plus Landshut Pflegedienst","og_description":"Die Behandlungspflege beinhaltet medizinisch notwendige Ma\u00dfnahmen, die von qualifizierten Pflegekr\u00e4ften durchgef\u00fchrt werden.Festgehalten im SGB V (Sozialgesetzbuch F\u00fcnftes Buch), \u00fcbernimmt die Krankenkasse die entstehenden Kosten bei dieser Form der Krankenpflege. Grundpflege Die Grundpflege gem\u00e4\u00df SGB XI deckt Bereiche ab, die nicht medizinischer Natur sind. Ein Pflegegrad ist erforderlich, damit die Pflegekasse die Kosten f\u00fcr ambulante Pflegedienste [&hellip;]","og_url":"https:\/\/alpha-landshut.de\/?page_id=15","og_site_name":"APK - Alpha Plus Landshut Pflegedienst","twitter_card":"summary_large_image","twitter_misc":{"Gesch\u00e4tzte Lesezeit":"1\u00a0Minute"},"schema":{"@context":"https:\/\/schema.org","@graph":[{"@type":"WebPage","@id":"https:\/\/alpha-landshut.de\/?page_id=15","url":"https:\/\/alpha-landshut.de\/?page_id=15","name":"Behandlungspflege - APK - Alpha Plus Landshut Pflegedienst","isPartOf":{"@id":"https:\/\/alpha-landshut.de\/#website"},"datePublished":"2024-12-11T18:00:56+00:00","breadcrumb":{"@id":"https:\/\/alpha-landshut.de\/?page_id=15#breadcrumb"},"inLanguage":"de","potentialAction":[{"@type":"ReadAction","target":["https:\/\/alpha-landshut.de\/?page_id=15"]}]},{"@type":"BreadcrumbList","@id":"https:\/\/alpha-landshut.de\/?page_id=15#breadcrumb","itemListElement":[{"@type":"ListItem","position":1,"name":"Start","item":"https:\/\/alpha-landshut.de\/"},{"@type":"ListItem","position":2,"name":"Behandlungspflege"}]},{"@type":"WebSite","@id":"https:\/\/alpha-landshut.de\/#website","url":"https:\/\/alpha-landshut.de\/","name":"APK - Alpha Plus Landshut Pflegedienst","description":"Seit 2014 arbeitet ALPHA PLUS erfolgreich mit allen Krankenkassen Deutschlands und den sozialen \u00c4mtern zusammen.  Details","potentialAction":[{"@type":"SearchAction","target":{"@type":"EntryPoint","urlTemplate":"https:\/\/alpha-landshut.de\/?s={search_term_string}"},"query-input":{"@type":"PropertyValueSpecification","valueRequired":true,"valueName":"search_term_string"}}],"inLanguage":"de"}]}},"_links":{"self":[{"href":"https:\/\/alpha-landshut.de\/index.php?rest_route=\/wp\/v2\/pages\/15","targetHints":{"allow":["GET"]}}],"collection":[{"href":"https:\/\/alpha-landshut.de\/index.php?rest_route=\/wp\/v2\/pages"}],"about":[{"href":"https:\/\/alpha-landshut.de\/index.php?rest_route=\/wp\/v2\/types\/page"}],"author":[{"embeddable":true,"href":"https:\/\/alpha-landshut.de\/index.php?rest_route=\/wp\/v2\/users\/1"}],"replies":[{"embeddable":true,"href":"https:\/\/alpha-landshut.de\/index.php?rest_route=%2Fwp%2Fv2%2Fcomments&post=15"}],"version-history":[{"count":0,"href":"https:\/\/alpha-landshut.de\/index.php?rest_route=\/wp\/v2\/pages\/15\/revisions"}],"wp:attachment":[{"href":"https:\/\/alpha-landshut.de\/index.php?rest_route=%2Fwp%2Fv2%2Fmedia&parent=15"}],"curies":[{"name":"wp","href":"https:\/\/api.w.org\/{rel}","templated":true}]}}