{"id":13,"date":"2024-12-11T18:00:41","date_gmt":"2024-12-11T18:00:41","guid":{"rendered":"https:\/\/www.apk-pflegedienst.de\/?page_id=13"},"modified":"2024-12-11T18:00:41","modified_gmt":"2024-12-11T18:00:41","slug":"leistungen","status":"publish","type":"page","link":"https:\/\/alpha-landshut.de\/?page_id=13","title":{"rendered":"Leistungen"},"content":{"rendered":"\n<p>In der Pflege gibt es vier Hauptkategorien: <\/p>\n\n\n\n<ul class=\"wp-block-list\">\n<li>Grundpflege<\/li>\n\n\n\n<li>Behandlungspflege<\/li>\n\n\n\n<li>Hauswirtschaft und Betreuung.<\/li>\n<\/ul>\n\n\n\n<p>Die Grundpflege, Hauswirtschaft und Betreuung werden je nach Pflegegrad von der Pflegekasse \u00fcbernommen, einschlie\u00dflich des Betreuungsbetrags und der Verhinderungspflege.<br>Die Kosten f\u00fcr die Behandlungspflege wie Medikamentengabe oder Wundversorgung werden von der Krankenkasse getragen.<\/p>\n\n\n\n<div class=\"btn-holder pull-right media-desktop leftmargin-minier\">\n <button type=\"button\" data-url=\"https:\/\/www.apk-pflegedienst.de\/wp-content\/themes\/shabloner_297\/\/forms\/basic.php\" class=\"dialog_open pull-right button button-rounded button-large button-circle button-3d button-circle button-3d\">Kostenlose Beratung<\/button>\n <\/div>\n\n\n\n<p><strong>Behandlungspflege nach SGB V:<\/strong><\/p>\n\n\n\n<ul class=\"wp-block-list\">\n<li>Injektionen (z.B. Insulin)<\/li>\n\n\n\n<li>Wundbehandlung durch erfahrene Wundexperte<\/li>\n\n\n\n<li>Medikamentengabe und Kontrolle der Einnahme<\/li>\n\n\n\n<li>Blutdruck\u00fcberwachung<\/li>\n\n\n\n<li>An-\/Ausziehen von Kompressionsstr\u00fcmpfen<\/li>\n\n\n\n<li>Blutzuckermessung<\/li>\n\n\n\n<li>Postoperative Betreuung<\/li>\n\n\n\n<li>Kontrolle und Pflege von Blasenkatheter<\/li>\n\n\n\n<li>und Vieles mehr<\/li>\n<\/ul>\n\n\n\n<p><strong>Grundpflege nach SGB XI:<\/strong><\/p>\n\n\n\n<ul class=\"wp-block-list\">\n<li>Hilfe beim Waschen\/Baden \/Duschen<\/li>\n\n\n\n<li>Hilfe beim An- und Auskleiden<\/li>\n\n\n\n<li>Hilfe bei der Zubereitung und Aufnahme von Mahlzeiten<\/li>\n\n\n\n<li>Haut-, Haar- und Nagelpflege<\/li>\n\n\n\n<li>Reinigen der Wohnung sowie Waschen und B\u00fcgeln<\/li>\n\n\n\n<li>Einkauf der Lebensmittel<\/li>\n\n\n\n<li>Begleitung au\u00dfer Haus (Arztbesuche, Spazierg\u00e4nge)<\/li>\n<\/ul>\n\n\n\n<p><strong>Hilfe im Alltag:<\/strong><\/p>\n\n\n\n<ul class=\"wp-block-list\">\n<li>Begleitung zu \u00c4rzten und Sozialbeh\u00f6rden<\/li>\n\n\n\n<li>Hilfe beim Verfassen und Ausf\u00fcllen von Antr\u00e4gen und Formularen<\/li>\n\n\n\n<li>Psychologische Unterst\u00fctzung<\/li>\n\n\n\n<li>Beschaffung von Pflegehilfsmitteln<\/li>\n\n\n\n<li>Individuelle Pflegeberatung<\/li>\n<\/ul>\n\n\n\n<p><br>Unsere Dienstleistungen werden von den Krankenkassen, Pflegekassen und Sozial\u00e4mter \u00fcbernommen!<\/p>\n","protected":false},"excerpt":{"rendered":"<p>In der Pflege gibt es vier Hauptkategorien: Die Grundpflege, Hauswirtschaft und Betreuung werden je nach Pflegegrad von der Pflegekasse \u00fcbernommen, einschlie\u00dflich des Betreuungsbetrags und der Verhinderungspflege.Die Kosten f\u00fcr die Behandlungspflege wie Medikamentengabe oder Wundversorgung werden von der Krankenkasse getragen. Kostenlose Beratung Behandlungspflege nach SGB V: Grundpflege nach SGB XI: Hilfe im Alltag: Unsere Dienstleistungen werden [&hellip;]<\/p>\n","protected":false},"author":1,"featured_media":0,"parent":0,"menu_order":0,"comment_status":"closed","ping_status":"closed","template":"","meta":{"footnotes":""},"class_list":["post-13","page","type-page","status-publish","hentry"],"yoast_head":"<!-- This site is optimized with the Yoast SEO plugin v27.5 - https:\/\/yoast.com\/product\/yoast-seo-wordpress\/ -->\n<title>Leistungen - APK - Alpha Plus Landshut Pflegedienst<\/title>\n<meta name=\"robots\" content=\"index, follow, max-snippet:-1, max-image-preview:large, max-video-preview:-1\" \/>\n<link rel=\"canonical\" href=\"https:\/\/alpha-landshut.de\/?page_id=13\" \/>\n<meta property=\"og:locale\" content=\"de_DE\" \/>\n<meta property=\"og:type\" content=\"article\" \/>\n<meta property=\"og:title\" content=\"Leistungen - APK - Alpha Plus Landshut Pflegedienst\" \/>\n<meta property=\"og:description\" content=\"In der Pflege gibt es vier Hauptkategorien: Die Grundpflege, Hauswirtschaft und Betreuung werden je nach Pflegegrad von der Pflegekasse \u00fcbernommen, einschlie\u00dflich des Betreuungsbetrags und der Verhinderungspflege.Die Kosten f\u00fcr die Behandlungspflege wie Medikamentengabe oder Wundversorgung werden von der Krankenkasse getragen. Kostenlose Beratung Behandlungspflege nach SGB V: Grundpflege nach SGB XI: Hilfe im Alltag: Unsere Dienstleistungen werden [&hellip;]\" \/>\n<meta property=\"og:url\" content=\"https:\/\/alpha-landshut.de\/?page_id=13\" \/>\n<meta property=\"og:site_name\" content=\"APK - Alpha Plus Landshut Pflegedienst\" \/>\n<meta name=\"twitter:card\" content=\"summary_large_image\" \/>\n<meta name=\"twitter:label1\" content=\"Gesch\u00e4tzte Lesezeit\" \/>\n\t<meta name=\"twitter:data1\" content=\"1\u00a0Minute\" \/>\n<script type=\"application\/ld+json\" class=\"yoast-schema-graph\">{\"@context\":\"https:\\\/\\\/schema.org\",\"@graph\":[{\"@type\":\"WebPage\",\"@id\":\"https:\\\/\\\/alpha-landshut.de\\\/?page_id=13\",\"url\":\"https:\\\/\\\/alpha-landshut.de\\\/?page_id=13\",\"name\":\"Leistungen - APK - Alpha Plus Landshut Pflegedienst\",\"isPartOf\":{\"@id\":\"https:\\\/\\\/alpha-landshut.de\\\/#website\"},\"datePublished\":\"2024-12-11T18:00:41+00:00\",\"breadcrumb\":{\"@id\":\"https:\\\/\\\/alpha-landshut.de\\\/?page_id=13#breadcrumb\"},\"inLanguage\":\"de\",\"potentialAction\":[{\"@type\":\"ReadAction\",\"target\":[\"https:\\\/\\\/alpha-landshut.de\\\/?page_id=13\"]}]},{\"@type\":\"BreadcrumbList\",\"@id\":\"https:\\\/\\\/alpha-landshut.de\\\/?page_id=13#breadcrumb\",\"itemListElement\":[{\"@type\":\"ListItem\",\"position\":1,\"name\":\"Start\",\"item\":\"https:\\\/\\\/alpha-landshut.de\\\/\"},{\"@type\":\"ListItem\",\"position\":2,\"name\":\"Leistungen\"}]},{\"@type\":\"WebSite\",\"@id\":\"https:\\\/\\\/alpha-landshut.de\\\/#website\",\"url\":\"https:\\\/\\\/alpha-landshut.de\\\/\",\"name\":\"APK - Alpha Plus Landshut Pflegedienst\",\"description\":\"Seit 2014 arbeitet ALPHA PLUS erfolgreich mit allen Krankenkassen Deutschlands und den sozialen \u00c4mtern zusammen.  Details\",\"potentialAction\":[{\"@type\":\"SearchAction\",\"target\":{\"@type\":\"EntryPoint\",\"urlTemplate\":\"https:\\\/\\\/alpha-landshut.de\\\/?s={search_term_string}\"},\"query-input\":{\"@type\":\"PropertyValueSpecification\",\"valueRequired\":true,\"valueName\":\"search_term_string\"}}],\"inLanguage\":\"de\"}]}<\/script>\n<!-- \/ Yoast SEO plugin. -->","yoast_head_json":{"title":"Leistungen - APK - Alpha Plus Landshut Pflegedienst","robots":{"index":"index","follow":"follow","max-snippet":"max-snippet:-1","max-image-preview":"max-image-preview:large","max-video-preview":"max-video-preview:-1"},"canonical":"https:\/\/alpha-landshut.de\/?page_id=13","og_locale":"de_DE","og_type":"article","og_title":"Leistungen - APK - Alpha Plus Landshut Pflegedienst","og_description":"In der Pflege gibt es vier Hauptkategorien: Die Grundpflege, Hauswirtschaft und Betreuung werden je nach Pflegegrad von der Pflegekasse \u00fcbernommen, einschlie\u00dflich des Betreuungsbetrags und der Verhinderungspflege.Die Kosten f\u00fcr die Behandlungspflege wie Medikamentengabe oder Wundversorgung werden von der Krankenkasse getragen. Kostenlose Beratung Behandlungspflege nach SGB V: Grundpflege nach SGB XI: Hilfe im Alltag: Unsere Dienstleistungen werden [&hellip;]","og_url":"https:\/\/alpha-landshut.de\/?page_id=13","og_site_name":"APK - Alpha Plus Landshut Pflegedienst","twitter_card":"summary_large_image","twitter_misc":{"Gesch\u00e4tzte Lesezeit":"1\u00a0Minute"},"schema":{"@context":"https:\/\/schema.org","@graph":[{"@type":"WebPage","@id":"https:\/\/alpha-landshut.de\/?page_id=13","url":"https:\/\/alpha-landshut.de\/?page_id=13","name":"Leistungen - APK - Alpha Plus Landshut Pflegedienst","isPartOf":{"@id":"https:\/\/alpha-landshut.de\/#website"},"datePublished":"2024-12-11T18:00:41+00:00","breadcrumb":{"@id":"https:\/\/alpha-landshut.de\/?page_id=13#breadcrumb"},"inLanguage":"de","potentialAction":[{"@type":"ReadAction","target":["https:\/\/alpha-landshut.de\/?page_id=13"]}]},{"@type":"BreadcrumbList","@id":"https:\/\/alpha-landshut.de\/?page_id=13#breadcrumb","itemListElement":[{"@type":"ListItem","position":1,"name":"Start","item":"https:\/\/alpha-landshut.de\/"},{"@type":"ListItem","position":2,"name":"Leistungen"}]},{"@type":"WebSite","@id":"https:\/\/alpha-landshut.de\/#website","url":"https:\/\/alpha-landshut.de\/","name":"APK - Alpha Plus Landshut Pflegedienst","description":"Seit 2014 arbeitet ALPHA PLUS erfolgreich mit allen Krankenkassen Deutschlands und den sozialen \u00c4mtern zusammen.  Details","potentialAction":[{"@type":"SearchAction","target":{"@type":"EntryPoint","urlTemplate":"https:\/\/alpha-landshut.de\/?s={search_term_string}"},"query-input":{"@type":"PropertyValueSpecification","valueRequired":true,"valueName":"search_term_string"}}],"inLanguage":"de"}]}},"_links":{"self":[{"href":"https:\/\/alpha-landshut.de\/index.php?rest_route=\/wp\/v2\/pages\/13","targetHints":{"allow":["GET"]}}],"collection":[{"href":"https:\/\/alpha-landshut.de\/index.php?rest_route=\/wp\/v2\/pages"}],"about":[{"href":"https:\/\/alpha-landshut.de\/index.php?rest_route=\/wp\/v2\/types\/page"}],"author":[{"embeddable":true,"href":"https:\/\/alpha-landshut.de\/index.php?rest_route=\/wp\/v2\/users\/1"}],"replies":[{"embeddable":true,"href":"https:\/\/alpha-landshut.de\/index.php?rest_route=%2Fwp%2Fv2%2Fcomments&post=13"}],"version-history":[{"count":0,"href":"https:\/\/alpha-landshut.de\/index.php?rest_route=\/wp\/v2\/pages\/13\/revisions"}],"wp:attachment":[{"href":"https:\/\/alpha-landshut.de\/index.php?rest_route=%2Fwp%2Fv2%2Fmedia&parent=13"}],"curies":[{"name":"wp","href":"https:\/\/api.w.org\/{rel}","templated":true}]}}